{"id":4132,"date":"2018-08-03T08:46:18","date_gmt":"2018-08-03T08:46:18","guid":{"rendered":"https:\/\/ansambl-bistro.cz\/contact\/"},"modified":"2024-01-26T04:34:01","modified_gmt":"2024-01-26T04:34:01","slug":"contact","status":"publish","type":"page","link":"https:\/\/ansambl-bistro.cz\/en\/contact\/","title":{"rendered":"Contact"},"content":{"rendered":"<p>[vc_row content_placement=&#8221;bottom&#8221; row_content_width=&#8221;grid&#8221;][vc_column width=&#8221;1\/2&#8243;][vc_column_text]<\/p>\n<h2 style=\"text-align: center;\">CONTACT<\/h2>\n<p style=\"text-align: center;\">Ans\u00e1mbl Bistro<\/p>\n<p style=\"text-align: center;\"><a href=\"https:\/\/goo.gl\/maps\/bYVbTrjrmF3PGij59\"><span class=\"d2edcug0 hpfvmrgz qv66sw1b c1et5uql lr9zc1uh jq4qci2q a3bd9o3v b1v8xokw py34i1dx\"><span class=\"a8c37x1j ni8dbmo4 stjgntxs l9j0dhe7\">Krymsk\u00e1 2, Prague 10<\/span><\/span><\/a><\/p>\n<p style=\"text-align: center;\"><a href=\"tel:+420732995111\">732 995 111<\/a><\/p>\n<p style=\"text-align: center;\"><a href=\"mailto:ansamblkrymska@gmail.com\">ansamblkrymska@gmail.com<\/a><\/p>\n<p>[\/vc_column_text][vc_empty_space height=&#8221;15px&#8221;][vc_column_text]<\/p>\n<h4 style=\"text-align: center;\">OTEV\u00cdRAC\u00cd DOBA<\/h4>\n<p style=\"text-align: center;\">pond\u011bl\u00ed zav\u0159eno<br \/>\n\u00fater\u00fd 17:00 &#8211; 22:30<br \/>\nst\u0159eda 17:00 &#8211; 22:30<br \/>\n\u010dtvrtek 17:00 &#8211; 22:30<br \/>\np\u00e1tek 17:00 &#8211; 22:30<br \/>\nsobota 10:00 &#8211; 14:00, 17:00 &#8211; 22:30<br \/>\nned\u011ble zav\u0159eno<\/p>\n<p>[\/vc_column_text][vc_empty_space height=&#8221;186px&#8221;][\/vc_column][vc_column width=&#8221;1\/2&#8243;][vc_column_text]<\/p>\n<h2 style=\"text-align: center;\">RESERVATION<\/h2>\n<p><center><iframe style=\"border: none; width: 360px; max-width: 100%; height: 620px;\" src=\"https:\/\/embed.choiceqr.com\/booking\/ansambl-bistro?lang=en\"><\/iframe><\/center>[\/vc_column_text][\/vc_column][\/vc_row][vc_row row_content_width=&#8221;grid&#8221; css=&#8221;.vc_custom_1534171353151{padding-top: 65px !important;padding-bottom: 130px !important;}&#8221;][vc_column]<div class=\"mkdf-single-image-holder    mkdf-image-center\" >\n    <div class=\"mkdf-si-inner\" >\n                                    <img loading=\"lazy\" decoding=\"async\" width=\"1440\" height=\"1080\" src=\"https:\/\/ansambl-bistro.cz\/wp-content\/uploads\/2021\/12\/ansambl-1.jpg\" class=\"attachment-full size-full\" alt=\"\" srcset=\"https:\/\/ansambl-bistro.cz\/wp-content\/uploads\/2021\/12\/ansambl-1.jpg 1440w, https:\/\/ansambl-bistro.cz\/wp-content\/uploads\/2021\/12\/ansambl-1-300x225.jpg 300w, https:\/\/ansambl-bistro.cz\/wp-content\/uploads\/2021\/12\/ansambl-1-1024x768.jpg 1024w, https:\/\/ansambl-bistro.cz\/wp-content\/uploads\/2021\/12\/ansambl-1-768x576.jpg 768w\" sizes=\"auto, (max-width: 1440px) 100vw, 1440px\" \/>                        <\/div>\n<\/div>[vc_empty_space height=&#8221;45px&#8221;][vc_column_text]<\/p>\n<p style=\"text-align: center;\">Zlej blesk s.r.o.<br \/>\nID: 04338103<br \/>\nVAT: CZ04338103<br \/>\nJugosl\u00e1vsk\u00fdch partyz\u00e1n\u016f 636\/20<br \/>\n160 00 Praha 6<\/p>\n<p>[\/vc_column_text][\/vc_column][\/vc_row]<\/p>\n","protected":false},"excerpt":{"rendered":"<p>[vc_row content_placement=&#8221;bottom&#8221; row_content_width=&#8221;grid&#8221;][vc_column width=&#8221;1\/2&#8243;][vc_column_text] CONTACT Ans\u00e1mbl Bistro Krymsk\u00e1 2, Prague 10 732 995 111 ansamblkrymska@gmail.com [\/vc_column_text][vc_empty_space height=&#8221;15px&#8221;][vc_column_text] OTEV\u00cdRAC\u00cd DOBA pond\u011bl\u00ed zav\u0159eno \u00fater\u00fd 17:00 &#8211; 22:30 st\u0159eda 17:00 &#8211; 22:30 \u010dtvrtek 17:00 &#8211; 22:30 p\u00e1tek 17:00 &#8211; 22:30 sobota 10:00 &#8211; [&hellip;]<\/p>\n","protected":false},"author":1,"featured_media":4037,"parent":0,"menu_order":0,"comment_status":"closed","ping_status":"closed","template":"full-width.php","meta":{"footnotes":""},"class_list":["post-4132","page","type-page","status-publish","has-post-thumbnail","hentry"],"yoast_head":"<!-- This site is optimized with the Yoast SEO plugin v21.9.1 - https:\/\/yoast.com\/wordpress\/plugins\/seo\/ -->\n<title>Contact - Ansambl Bistro<\/title>\n<meta name=\"robots\" content=\"index, follow, max-snippet:-1, max-image-preview:large, max-video-preview:-1\" \/>\n<link rel=\"canonical\" href=\"https:\/\/ansambl-bistro.cz\/en\/contact\/\" \/>\n<meta property=\"og:locale\" content=\"en_US\" \/>\n<meta property=\"og:type\" content=\"article\" \/>\n<meta property=\"og:title\" content=\"Contact - Ansambl Bistro\" \/>\n<meta property=\"og:description\" content=\"[vc_row content_placement=&#8221;bottom&#8221; row_content_width=&#8221;grid&#8221;][vc_column width=&#8221;1\/2&#8243;][vc_column_text] CONTACT Ans\u00e1mbl Bistro Krymsk\u00e1 2, Prague 10 732 995 111 ansamblkrymska@gmail.com [\/vc_column_text][vc_empty_space height=&#8221;15px&#8221;][vc_column_text] OTEV\u00cdRAC\u00cd DOBA pond\u011bl\u00ed zav\u0159eno \u00fater\u00fd 17:00 &#8211; 22:30 st\u0159eda 17:00 &#8211; 22:30 \u010dtvrtek 17:00 &#8211; 22:30 p\u00e1tek 17:00 &#8211; 22:30 sobota 10:00 &#8211; [&hellip;]\" \/>\n<meta property=\"og:url\" content=\"https:\/\/ansambl-bistro.cz\/en\/contact\/\" \/>\n<meta property=\"og:site_name\" content=\"Ansambl Bistro\" \/>\n<meta property=\"article:publisher\" content=\"https:\/\/www.facebook.com\/ansamblkrymska\" \/>\n<meta property=\"article:modified_time\" content=\"2024-01-26T04:34:01+00:00\" \/>\n<meta property=\"og:image\" content=\"https:\/\/ansambl-bistro.cz\/wp-content\/uploads\/2022\/10\/celer.jpg\" \/>\n\t<meta property=\"og:image:width\" content=\"1920\" \/>\n\t<meta property=\"og:image:height\" content=\"1440\" \/>\n\t<meta property=\"og:image:type\" content=\"image\/jpeg\" \/>\n<meta name=\"twitter:card\" content=\"summary_large_image\" \/>\n<meta name=\"twitter:label1\" content=\"Est. reading time\" \/>\n\t<meta name=\"twitter:data1\" content=\"1 minute\" \/>\n<script type=\"application\/ld+json\" class=\"yoast-schema-graph\">{\"@context\":\"https:\/\/schema.org\",\"@graph\":[{\"@type\":\"WebPage\",\"@id\":\"https:\/\/ansambl-bistro.cz\/en\/contact\/\",\"url\":\"https:\/\/ansambl-bistro.cz\/en\/contact\/\",\"name\":\"Contact - Ansambl Bistro\",\"isPartOf\":{\"@id\":\"https:\/\/ansambl-bistro.cz\/en\/#website\"},\"datePublished\":\"2018-08-03T08:46:18+00:00\",\"dateModified\":\"2024-01-26T04:34:01+00:00\",\"breadcrumb\":{\"@id\":\"https:\/\/ansambl-bistro.cz\/en\/contact\/#breadcrumb\"},\"inLanguage\":\"en-US\",\"potentialAction\":[{\"@type\":\"ReadAction\",\"target\":[\"https:\/\/ansambl-bistro.cz\/en\/contact\/\"]}]},{\"@type\":\"BreadcrumbList\",\"@id\":\"https:\/\/ansambl-bistro.cz\/en\/contact\/#breadcrumb\",\"itemListElement\":[{\"@type\":\"ListItem\",\"position\":1,\"name\":\"Home\",\"item\":\"https:\/\/ansambl-bistro.cz\/en\/\"},{\"@type\":\"ListItem\",\"position\":2,\"name\":\"Contact\"}]},{\"@type\":\"WebSite\",\"@id\":\"https:\/\/ansambl-bistro.cz\/en\/#website\",\"url\":\"https:\/\/ansambl-bistro.cz\/en\/\",\"name\":\"Ansambl Bistro\",\"description\":\"\u010cesk\u00e1 modern\u00ed kuchyn\u011b v Krymsk\u00e9 ulici.\",\"publisher\":{\"@id\":\"https:\/\/ansambl-bistro.cz\/en\/#organization\"},\"potentialAction\":[{\"@type\":\"SearchAction\",\"target\":{\"@type\":\"EntryPoint\",\"urlTemplate\":\"https:\/\/ansambl-bistro.cz\/en\/?s={search_term_string}\"},\"query-input\":\"required name=search_term_string\"}],\"inLanguage\":\"en-US\"},{\"@type\":\"Organization\",\"@id\":\"https:\/\/ansambl-bistro.cz\/en\/#organization\",\"name\":\"Ansambl Bistro\",\"url\":\"https:\/\/ansambl-bistro.cz\/en\/\",\"logo\":{\"@type\":\"ImageObject\",\"inLanguage\":\"en-US\",\"@id\":\"https:\/\/ansambl-bistro.cz\/en\/#\/schema\/logo\/image\/\",\"url\":\"https:\/\/ansambl-bistro.cz\/wp-content\/uploads\/2021\/12\/Ansambl_logo_1.png\",\"contentUrl\":\"https:\/\/ansambl-bistro.cz\/wp-content\/uploads\/2021\/12\/Ansambl_logo_1.png\",\"width\":2063,\"height\":527,\"caption\":\"Ansambl Bistro\"},\"image\":{\"@id\":\"https:\/\/ansambl-bistro.cz\/en\/#\/schema\/logo\/image\/\"},\"sameAs\":[\"https:\/\/www.facebook.com\/ansamblkrymska\",\"https:\/\/www.instagram.com\/ansamblkrymska\/\"]}]}<\/script>\n<!-- \/ Yoast SEO plugin. -->","yoast_head_json":{"title":"Contact - Ansambl Bistro","robots":{"index":"index","follow":"follow","max-snippet":"max-snippet:-1","max-image-preview":"max-image-preview:large","max-video-preview":"max-video-preview:-1"},"canonical":"https:\/\/ansambl-bistro.cz\/en\/contact\/","og_locale":"en_US","og_type":"article","og_title":"Contact - Ansambl Bistro","og_description":"[vc_row content_placement=&#8221;bottom&#8221; row_content_width=&#8221;grid&#8221;][vc_column width=&#8221;1\/2&#8243;][vc_column_text] CONTACT Ans\u00e1mbl Bistro Krymsk\u00e1 2, Prague 10 732 995 111 ansamblkrymska@gmail.com [\/vc_column_text][vc_empty_space height=&#8221;15px&#8221;][vc_column_text] OTEV\u00cdRAC\u00cd DOBA pond\u011bl\u00ed zav\u0159eno \u00fater\u00fd 17:00 &#8211; 22:30 st\u0159eda 17:00 &#8211; 22:30 \u010dtvrtek 17:00 &#8211; 22:30 p\u00e1tek 17:00 &#8211; 22:30 sobota 10:00 &#8211; [&hellip;]","og_url":"https:\/\/ansambl-bistro.cz\/en\/contact\/","og_site_name":"Ansambl Bistro","article_publisher":"https:\/\/www.facebook.com\/ansamblkrymska","article_modified_time":"2024-01-26T04:34:01+00:00","og_image":[{"width":1920,"height":1440,"url":"https:\/\/ansambl-bistro.cz\/wp-content\/uploads\/2022\/10\/celer.jpg","type":"image\/jpeg"}],"twitter_card":"summary_large_image","twitter_misc":{"Est. reading time":"1 minute"},"schema":{"@context":"https:\/\/schema.org","@graph":[{"@type":"WebPage","@id":"https:\/\/ansambl-bistro.cz\/en\/contact\/","url":"https:\/\/ansambl-bistro.cz\/en\/contact\/","name":"Contact - Ansambl Bistro","isPartOf":{"@id":"https:\/\/ansambl-bistro.cz\/en\/#website"},"datePublished":"2018-08-03T08:46:18+00:00","dateModified":"2024-01-26T04:34:01+00:00","breadcrumb":{"@id":"https:\/\/ansambl-bistro.cz\/en\/contact\/#breadcrumb"},"inLanguage":"en-US","potentialAction":[{"@type":"ReadAction","target":["https:\/\/ansambl-bistro.cz\/en\/contact\/"]}]},{"@type":"BreadcrumbList","@id":"https:\/\/ansambl-bistro.cz\/en\/contact\/#breadcrumb","itemListElement":[{"@type":"ListItem","position":1,"name":"Home","item":"https:\/\/ansambl-bistro.cz\/en\/"},{"@type":"ListItem","position":2,"name":"Contact"}]},{"@type":"WebSite","@id":"https:\/\/ansambl-bistro.cz\/en\/#website","url":"https:\/\/ansambl-bistro.cz\/en\/","name":"Ansambl Bistro","description":"\u010cesk\u00e1 modern\u00ed kuchyn\u011b v Krymsk\u00e9 ulici.","publisher":{"@id":"https:\/\/ansambl-bistro.cz\/en\/#organization"},"potentialAction":[{"@type":"SearchAction","target":{"@type":"EntryPoint","urlTemplate":"https:\/\/ansambl-bistro.cz\/en\/?s={search_term_string}"},"query-input":"required name=search_term_string"}],"inLanguage":"en-US"},{"@type":"Organization","@id":"https:\/\/ansambl-bistro.cz\/en\/#organization","name":"Ansambl Bistro","url":"https:\/\/ansambl-bistro.cz\/en\/","logo":{"@type":"ImageObject","inLanguage":"en-US","@id":"https:\/\/ansambl-bistro.cz\/en\/#\/schema\/logo\/image\/","url":"https:\/\/ansambl-bistro.cz\/wp-content\/uploads\/2021\/12\/Ansambl_logo_1.png","contentUrl":"https:\/\/ansambl-bistro.cz\/wp-content\/uploads\/2021\/12\/Ansambl_logo_1.png","width":2063,"height":527,"caption":"Ansambl Bistro"},"image":{"@id":"https:\/\/ansambl-bistro.cz\/en\/#\/schema\/logo\/image\/"},"sameAs":["https:\/\/www.facebook.com\/ansamblkrymska","https:\/\/www.instagram.com\/ansamblkrymska\/"]}]}},"_links":{"self":[{"href":"https:\/\/ansambl-bistro.cz\/en\/wp-json\/wp\/v2\/pages\/4132","targetHints":{"allow":["GET"]}}],"collection":[{"href":"https:\/\/ansambl-bistro.cz\/en\/wp-json\/wp\/v2\/pages"}],"about":[{"href":"https:\/\/ansambl-bistro.cz\/en\/wp-json\/wp\/v2\/types\/page"}],"author":[{"embeddable":true,"href":"https:\/\/ansambl-bistro.cz\/en\/wp-json\/wp\/v2\/users\/1"}],"replies":[{"embeddable":true,"href":"https:\/\/ansambl-bistro.cz\/en\/wp-json\/wp\/v2\/comments?post=4132"}],"version-history":[{"count":10,"href":"https:\/\/ansambl-bistro.cz\/en\/wp-json\/wp\/v2\/pages\/4132\/revisions"}],"predecessor-version":[{"id":4280,"href":"https:\/\/ansambl-bistro.cz\/en\/wp-json\/wp\/v2\/pages\/4132\/revisions\/4280"}],"wp:featuredmedia":[{"embeddable":true,"href":"https:\/\/ansambl-bistro.cz\/en\/wp-json\/wp\/v2\/media\/4037"}],"wp:attachment":[{"href":"https:\/\/ansambl-bistro.cz\/en\/wp-json\/wp\/v2\/media?parent=4132"}],"curies":[{"name":"wp","href":"https:\/\/api.w.org\/{rel}","templated":true}]}}