{"id":4140,"date":"2021-12-29T19:56:18","date_gmt":"2021-12-29T19:56:18","guid":{"rendered":"https:\/\/ansambl-bistro.cz\/beverages\/"},"modified":"2023-02-03T12:36:49","modified_gmt":"2023-02-03T12:36:49","slug":"beverages","status":"publish","type":"page","link":"https:\/\/ansambl-bistro.cz\/en\/beverages\/","title":{"rendered":"Drinks"},"content":{"rendered":"<p>[vc_row content_placement=&#8221;top&#8221; content_text_aligment=&#8221;center&#8221;][vc_column width=&#8221;1\/2&#8243;]<div class=\"mkdf-single-image-holder    \" >\n    <div class=\"mkdf-si-inner\" >\n                                    <img loading=\"lazy\" decoding=\"async\" width=\"1256\" height=\"1080\" src=\"https:\/\/ansambl-bistro.cz\/wp-content\/uploads\/2022\/03\/vinoansambl_final-1.jpg\" class=\"attachment-full size-full\" alt=\"\" srcset=\"https:\/\/ansambl-bistro.cz\/wp-content\/uploads\/2022\/03\/vinoansambl_final-1.jpg 1256w, https:\/\/ansambl-bistro.cz\/wp-content\/uploads\/2022\/03\/vinoansambl_final-1-300x258.jpg 300w, https:\/\/ansambl-bistro.cz\/wp-content\/uploads\/2022\/03\/vinoansambl_final-1-1024x881.jpg 1024w, https:\/\/ansambl-bistro.cz\/wp-content\/uploads\/2022\/03\/vinoansambl_final-1-768x660.jpg 768w\" sizes=\"auto, (max-width: 1256px) 100vw, 1256px\" \/>                        <\/div>\n<\/div>[\/vc_column][vc_column width=&#8221;1\/2&#8243; css=&#8221;.vc_custom_1666739708860{margin-right: 30px !important;margin-left: 30px !important;}&#8221;]<div class=\"mkdf-section-title-holder  mkdf-st-standard mkdf-st-title-left mkdf-st-normal-space \" style=\"padding:5% 5% 5% 1%;text-align: center\">\n\t<div class=\"mkdf-st-inner\">\n\t\t\t\t\t<h2 class=\"mkdf-st-title\" >\n\t\t\t\tWine<br \/>\t\t\t<\/h2>\n\t\t    <span class=\"mkdf-st-line\" style=\"margin: 5% 5% 5% 5%\"><\/span>\n    <div class=\"mkdf-st-text\" style=\"margin-top: 15px;padding-right: 0\">\n        Beverages For the winemakers whose wines we sell, the grapes come first and this philosophy coincides with our approach to food, which is why we believe that the food from our kitchen and our wines complement each other perfectly.    <\/div>\n\t<\/div>\n<\/div>[vc_raw_js]JTNDc2NyaXB0JTNFZG9jdW1lbnQud3JpdGUlMjglMjIlM0NzY3JpcHQlMjB0eXBlJTNEJTI3dGV4dCUyRmphdmFzY3JpcHQlMjclMjBzcmMlM0QlMjdodHRwcyUzQSUyRiUyRnd3dy5tZW51Ym90LmN6JTJGYXBwJTJGdXNlcnMlMkZhbnNhbWJsMjU2ODU5NjU0MjM1NDg1Njk4NDUlMkZleHBvcnQlMkZzdGFuZGFyZG1lbnU2X2IuanMlM0Z2JTNEJTIyJTIwJTJCJTIwRGF0ZS5ub3clMjglMjklMjAlMkIlMjAlMjIlMjclM0UlM0MlNUMlMkZzY3JpcHQlM0UlMjIlMjklM0IlM0MlMkZzY3JpcHQlM0U=[\/vc_raw_js][\/vc_column][\/vc_row][vc_row content_placement=&#8221;top&#8221; content_text_aligment=&#8221;center&#8221;][vc_column width=&#8221;1\/2&#8243; css=&#8221;.vc_custom_1666739708860{margin-right: 30px !important;margin-left: 30px !important;}&#8221;]<div class=\"mkdf-section-title-holder  mkdf-st-standard mkdf-st-title-left mkdf-st-normal-space \" style=\"padding:5% 5% 5% 1%;text-align: center\">\n\t<div class=\"mkdf-st-inner\">\n\t\t\t\t\t<h2 class=\"mkdf-st-title\" >\n\t\t\t\tBeer<br \/> and cocktails\t\t\t<\/h2>\n\t\t    <span class=\"mkdf-st-line\" style=\"margin: 5% 5% 5% 5%; height: 120px\"><\/span>\n    <div class=\"mkdf-st-text\" style=\"margin-top: 45px;padding-right: 0\">\n        We have a very interesting selection of spontaneously fermented beers, primarily from Belgium, but also from the Czech Republic. And if you don&#8217;t feel like experimenting, you can have some of the beers from Prague Bad Flash brewery.    <\/div>\n\t<\/div>\n<\/div>[vc_raw_js]JTNDc2NyaXB0JTNFZG9jdW1lbnQud3JpdGUlMjglMjIlM0NzY3JpcHQlMjB0eXBlJTNEJTI3dGV4dCUyRmphdmFzY3JpcHQlMjclMjBzcmMlM0QlMjdodHRwcyUzQSUyRiUyRnd3dy5tZW51Ym90LmN6JTJGYXBwJTJGdXNlcnMlMkZhbnNhbWJsMjU2ODU5NjU0MjM1NDg1Njk4NDUlMkZleHBvcnQlMkZzdGFuZGFyZG1lbnUzX2IuanMlM0Z2JTNEJTIyJTIwJTJCJTIwRGF0ZS5ub3clMjglMjklMjAlMkIlMjAlMjIlMjclM0UlM0MlNUMlMkZzY3JpcHQlM0UlMjIlMjklM0IlM0MlMkZzY3JpcHQlM0U=[\/vc_raw_js][\/vc_column][vc_column width=&#8221;1\/2&#8243;][\/vc_column][\/vc_row]<\/p>\n","protected":false},"excerpt":{"rendered":"<p>[vc_row content_placement=&#8221;top&#8221; content_text_aligment=&#8221;center&#8221;][vc_column width=&#8221;1\/2&#8243;][\/vc_column][vc_column width=&#8221;1\/2&#8243; css=&#8221;.vc_custom_1666739708860{margin-right: 30px !important;margin-left: 30px !important;}&#8221;][vc_raw_js]JTNDc2NyaXB0JTNFZG9jdW1lbnQud3JpdGUlMjglMjIlM0NzY3JpcHQlMjB0eXBlJTNEJTI3dGV4dCUyRmphdmFzY3JpcHQlMjclMjBzcmMlM0QlMjdodHRwcyUzQSUyRiUyRnd3dy5tZW51Ym90LmN6JTJGYXBwJTJGdXNlcnMlMkZhbnNhbWJsMjU2ODU5NjU0MjM1NDg1Njk4NDUlMkZleHBvcnQlMkZzdGFuZGFyZG1lbnU2X2IuanMlM0Z2JTNEJTIyJTIwJTJCJTIwRGF0ZS5ub3clMjglMjklMjAlMkIlMjAlMjIlMjclM0UlM0MlNUMlMkZzY3JpcHQlM0UlMjIlMjklM0IlM0MlMkZzY3JpcHQlM0U=[\/vc_raw_js][\/vc_column][\/vc_row][vc_row content_placement=&#8221;top&#8221; content_text_aligment=&#8221;center&#8221;][vc_column width=&#8221;1\/2&#8243; css=&#8221;.vc_custom_1666739708860{margin-right: 30px !important;margin-left: 30px !important;}&#8221;][vc_raw_js]JTNDc2NyaXB0JTNFZG9jdW1lbnQud3JpdGUlMjglMjIlM0NzY3JpcHQlMjB0eXBlJTNEJTI3dGV4dCUyRmphdmFzY3JpcHQlMjclMjBzcmMlM0QlMjdodHRwcyUzQSUyRiUyRnd3dy5tZW51Ym90LmN6JTJGYXBwJTJGdXNlcnMlMkZhbnNhbWJsMjU2ODU5NjU0MjM1NDg1Njk4NDUlMkZleHBvcnQlMkZzdGFuZGFyZG1lbnUzX2IuanMlM0Z2JTNEJTIyJTIwJTJCJTIwRGF0ZS5ub3clMjglMjklMjAlMkIlMjAlMjIlMjclM0UlM0MlNUMlMkZzY3JpcHQlM0UlMjIlMjklM0IlM0MlMkZzY3JpcHQlM0U=[\/vc_raw_js][\/vc_column][vc_column width=&#8221;1\/2&#8243;][\/vc_column][\/vc_row]<\/p>\n","protected":false},"author":2,"featured_media":3988,"parent":0,"menu_order":0,"comment_status":"closed","ping_status":"closed","template":"full-width.php","meta":{"footnotes":""},"class_list":["post-4140","page","type-page","status-publish","has-post-thumbnail","hentry"],"yoast_head":"<!-- This site is optimized with the Yoast SEO plugin v21.9.1 - https:\/\/yoast.com\/wordpress\/plugins\/seo\/ -->\n<title>Drinks - Ansambl Bistro<\/title>\n<meta name=\"robots\" content=\"index, follow, max-snippet:-1, max-image-preview:large, max-video-preview:-1\" \/>\n<link rel=\"canonical\" href=\"https:\/\/ansambl-bistro.cz\/en\/beverages\/\" \/>\n<meta property=\"og:locale\" content=\"en_US\" \/>\n<meta property=\"og:type\" content=\"article\" \/>\n<meta property=\"og:title\" content=\"Drinks - Ansambl Bistro\" \/>\n<meta property=\"og:description\" content=\"[vc_row content_placement=&#8221;top&#8221; content_text_aligment=&#8221;center&#8221;][vc_column width=&#8221;1\/2&#8243;][\/vc_column][vc_column width=&#8221;1\/2&#8243; css=&#8221;.vc_custom_1666739708860{margin-right: 30px !important;margin-left: 30px !important;}&#8221;][vc_raw_js]JTNDc2NyaXB0JTNFZG9jdW1lbnQud3JpdGUlMjglMjIlM0NzY3JpcHQlMjB0eXBlJTNEJTI3dGV4dCUyRmphdmFzY3JpcHQlMjclMjBzcmMlM0QlMjdodHRwcyUzQSUyRiUyRnd3dy5tZW51Ym90LmN6JTJGYXBwJTJGdXNlcnMlMkZhbnNhbWJsMjU2ODU5NjU0MjM1NDg1Njk4NDUlMkZleHBvcnQlMkZzdGFuZGFyZG1lbnU2X2IuanMlM0Z2JTNEJTIyJTIwJTJCJTIwRGF0ZS5ub3clMjglMjklMjAlMkIlMjAlMjIlMjclM0UlM0MlNUMlMkZzY3JpcHQlM0UlMjIlMjklM0IlM0MlMkZzY3JpcHQlM0U=[\/vc_raw_js][\/vc_column][\/vc_row][vc_row content_placement=&#8221;top&#8221; content_text_aligment=&#8221;center&#8221;][vc_column width=&#8221;1\/2&#8243; css=&#8221;.vc_custom_1666739708860{margin-right: 30px !important;margin-left: 30px !important;}&#8221;][vc_raw_js]JTNDc2NyaXB0JTNFZG9jdW1lbnQud3JpdGUlMjglMjIlM0NzY3JpcHQlMjB0eXBlJTNEJTI3dGV4dCUyRmphdmFzY3JpcHQlMjclMjBzcmMlM0QlMjdodHRwcyUzQSUyRiUyRnd3dy5tZW51Ym90LmN6JTJGYXBwJTJGdXNlcnMlMkZhbnNhbWJsMjU2ODU5NjU0MjM1NDg1Njk4NDUlMkZleHBvcnQlMkZzdGFuZGFyZG1lbnUzX2IuanMlM0Z2JTNEJTIyJTIwJTJCJTIwRGF0ZS5ub3clMjglMjklMjAlMkIlMjAlMjIlMjclM0UlM0MlNUMlMkZzY3JpcHQlM0UlMjIlMjklM0IlM0MlMkZzY3JpcHQlM0U=[\/vc_raw_js][\/vc_column][vc_column width=&#8221;1\/2&#8243;][\/vc_column][\/vc_row]\" \/>\n<meta property=\"og:url\" content=\"https:\/\/ansambl-bistro.cz\/en\/beverages\/\" \/>\n<meta property=\"og:site_name\" content=\"Ansambl Bistro\" \/>\n<meta property=\"article:publisher\" content=\"https:\/\/www.facebook.com\/ansamblkrymska\" \/>\n<meta property=\"article:modified_time\" content=\"2023-02-03T12:36:49+00:00\" \/>\n<meta property=\"og:image\" content=\"https:\/\/ansambl-bistro.cz\/wp-content\/uploads\/2021\/12\/ansambl_listopad21-2.jpg\" \/>\n\t<meta property=\"og:image:width\" content=\"1080\" \/>\n\t<meta property=\"og:image:height\" content=\"1440\" \/>\n\t<meta property=\"og:image:type\" content=\"image\/jpeg\" \/>\n<meta name=\"twitter:card\" content=\"summary_large_image\" \/>\n<meta name=\"twitter:label1\" content=\"Est. reading time\" \/>\n\t<meta name=\"twitter:data1\" content=\"1 minute\" \/>\n<script type=\"application\/ld+json\" class=\"yoast-schema-graph\">{\"@context\":\"https:\/\/schema.org\",\"@graph\":[{\"@type\":\"WebPage\",\"@id\":\"https:\/\/ansambl-bistro.cz\/en\/beverages\/\",\"url\":\"https:\/\/ansambl-bistro.cz\/en\/beverages\/\",\"name\":\"Drinks - Ansambl Bistro\",\"isPartOf\":{\"@id\":\"https:\/\/ansambl-bistro.cz\/en\/#website\"},\"datePublished\":\"2021-12-29T19:56:18+00:00\",\"dateModified\":\"2023-02-03T12:36:49+00:00\",\"breadcrumb\":{\"@id\":\"https:\/\/ansambl-bistro.cz\/en\/beverages\/#breadcrumb\"},\"inLanguage\":\"en-US\",\"potentialAction\":[{\"@type\":\"ReadAction\",\"target\":[\"https:\/\/ansambl-bistro.cz\/en\/beverages\/\"]}]},{\"@type\":\"BreadcrumbList\",\"@id\":\"https:\/\/ansambl-bistro.cz\/en\/beverages\/#breadcrumb\",\"itemListElement\":[{\"@type\":\"ListItem\",\"position\":1,\"name\":\"Home\",\"item\":\"https:\/\/ansambl-bistro.cz\/en\/\"},{\"@type\":\"ListItem\",\"position\":2,\"name\":\"Drinks\"}]},{\"@type\":\"WebSite\",\"@id\":\"https:\/\/ansambl-bistro.cz\/en\/#website\",\"url\":\"https:\/\/ansambl-bistro.cz\/en\/\",\"name\":\"Ansambl Bistro\",\"description\":\"\u010cesk\u00e1 modern\u00ed kuchyn\u011b v Krymsk\u00e9 ulici.\",\"publisher\":{\"@id\":\"https:\/\/ansambl-bistro.cz\/en\/#organization\"},\"potentialAction\":[{\"@type\":\"SearchAction\",\"target\":{\"@type\":\"EntryPoint\",\"urlTemplate\":\"https:\/\/ansambl-bistro.cz\/en\/?s={search_term_string}\"},\"query-input\":\"required name=search_term_string\"}],\"inLanguage\":\"en-US\"},{\"@type\":\"Organization\",\"@id\":\"https:\/\/ansambl-bistro.cz\/en\/#organization\",\"name\":\"Ansambl Bistro\",\"url\":\"https:\/\/ansambl-bistro.cz\/en\/\",\"logo\":{\"@type\":\"ImageObject\",\"inLanguage\":\"en-US\",\"@id\":\"https:\/\/ansambl-bistro.cz\/en\/#\/schema\/logo\/image\/\",\"url\":\"https:\/\/ansambl-bistro.cz\/wp-content\/uploads\/2021\/12\/Ansambl_logo_1.png\",\"contentUrl\":\"https:\/\/ansambl-bistro.cz\/wp-content\/uploads\/2021\/12\/Ansambl_logo_1.png\",\"width\":2063,\"height\":527,\"caption\":\"Ansambl Bistro\"},\"image\":{\"@id\":\"https:\/\/ansambl-bistro.cz\/en\/#\/schema\/logo\/image\/\"},\"sameAs\":[\"https:\/\/www.facebook.com\/ansamblkrymska\",\"https:\/\/www.instagram.com\/ansamblkrymska\/\"]}]}<\/script>\n<!-- \/ Yoast SEO plugin. -->","yoast_head_json":{"title":"Drinks - Ansambl Bistro","robots":{"index":"index","follow":"follow","max-snippet":"max-snippet:-1","max-image-preview":"max-image-preview:large","max-video-preview":"max-video-preview:-1"},"canonical":"https:\/\/ansambl-bistro.cz\/en\/beverages\/","og_locale":"en_US","og_type":"article","og_title":"Drinks - Ansambl Bistro","og_description":"[vc_row content_placement=&#8221;top&#8221; content_text_aligment=&#8221;center&#8221;][vc_column width=&#8221;1\/2&#8243;][\/vc_column][vc_column width=&#8221;1\/2&#8243; css=&#8221;.vc_custom_1666739708860{margin-right: 30px !important;margin-left: 30px !important;}&#8221;][vc_raw_js]JTNDc2NyaXB0JTNFZG9jdW1lbnQud3JpdGUlMjglMjIlM0NzY3JpcHQlMjB0eXBlJTNEJTI3dGV4dCUyRmphdmFzY3JpcHQlMjclMjBzcmMlM0QlMjdodHRwcyUzQSUyRiUyRnd3dy5tZW51Ym90LmN6JTJGYXBwJTJGdXNlcnMlMkZhbnNhbWJsMjU2ODU5NjU0MjM1NDg1Njk4NDUlMkZleHBvcnQlMkZzdGFuZGFyZG1lbnU2X2IuanMlM0Z2JTNEJTIyJTIwJTJCJTIwRGF0ZS5ub3clMjglMjklMjAlMkIlMjAlMjIlMjclM0UlM0MlNUMlMkZzY3JpcHQlM0UlMjIlMjklM0IlM0MlMkZzY3JpcHQlM0U=[\/vc_raw_js][\/vc_column][\/vc_row][vc_row content_placement=&#8221;top&#8221; content_text_aligment=&#8221;center&#8221;][vc_column width=&#8221;1\/2&#8243; css=&#8221;.vc_custom_1666739708860{margin-right: 30px !important;margin-left: 30px !important;}&#8221;][vc_raw_js]JTNDc2NyaXB0JTNFZG9jdW1lbnQud3JpdGUlMjglMjIlM0NzY3JpcHQlMjB0eXBlJTNEJTI3dGV4dCUyRmphdmFzY3JpcHQlMjclMjBzcmMlM0QlMjdodHRwcyUzQSUyRiUyRnd3dy5tZW51Ym90LmN6JTJGYXBwJTJGdXNlcnMlMkZhbnNhbWJsMjU2ODU5NjU0MjM1NDg1Njk4NDUlMkZleHBvcnQlMkZzdGFuZGFyZG1lbnUzX2IuanMlM0Z2JTNEJTIyJTIwJTJCJTIwRGF0ZS5ub3clMjglMjklMjAlMkIlMjAlMjIlMjclM0UlM0MlNUMlMkZzY3JpcHQlM0UlMjIlMjklM0IlM0MlMkZzY3JpcHQlM0U=[\/vc_raw_js][\/vc_column][vc_column width=&#8221;1\/2&#8243;][\/vc_column][\/vc_row]","og_url":"https:\/\/ansambl-bistro.cz\/en\/beverages\/","og_site_name":"Ansambl Bistro","article_publisher":"https:\/\/www.facebook.com\/ansamblkrymska","article_modified_time":"2023-02-03T12:36:49+00:00","og_image":[{"width":1080,"height":1440,"url":"https:\/\/ansambl-bistro.cz\/wp-content\/uploads\/2021\/12\/ansambl_listopad21-2.jpg","type":"image\/jpeg"}],"twitter_card":"summary_large_image","twitter_misc":{"Est. reading time":"1 minute"},"schema":{"@context":"https:\/\/schema.org","@graph":[{"@type":"WebPage","@id":"https:\/\/ansambl-bistro.cz\/en\/beverages\/","url":"https:\/\/ansambl-bistro.cz\/en\/beverages\/","name":"Drinks - Ansambl Bistro","isPartOf":{"@id":"https:\/\/ansambl-bistro.cz\/en\/#website"},"datePublished":"2021-12-29T19:56:18+00:00","dateModified":"2023-02-03T12:36:49+00:00","breadcrumb":{"@id":"https:\/\/ansambl-bistro.cz\/en\/beverages\/#breadcrumb"},"inLanguage":"en-US","potentialAction":[{"@type":"ReadAction","target":["https:\/\/ansambl-bistro.cz\/en\/beverages\/"]}]},{"@type":"BreadcrumbList","@id":"https:\/\/ansambl-bistro.cz\/en\/beverages\/#breadcrumb","itemListElement":[{"@type":"ListItem","position":1,"name":"Home","item":"https:\/\/ansambl-bistro.cz\/en\/"},{"@type":"ListItem","position":2,"name":"Drinks"}]},{"@type":"WebSite","@id":"https:\/\/ansambl-bistro.cz\/en\/#website","url":"https:\/\/ansambl-bistro.cz\/en\/","name":"Ansambl Bistro","description":"\u010cesk\u00e1 modern\u00ed kuchyn\u011b v Krymsk\u00e9 ulici.","publisher":{"@id":"https:\/\/ansambl-bistro.cz\/en\/#organization"},"potentialAction":[{"@type":"SearchAction","target":{"@type":"EntryPoint","urlTemplate":"https:\/\/ansambl-bistro.cz\/en\/?s={search_term_string}"},"query-input":"required name=search_term_string"}],"inLanguage":"en-US"},{"@type":"Organization","@id":"https:\/\/ansambl-bistro.cz\/en\/#organization","name":"Ansambl Bistro","url":"https:\/\/ansambl-bistro.cz\/en\/","logo":{"@type":"ImageObject","inLanguage":"en-US","@id":"https:\/\/ansambl-bistro.cz\/en\/#\/schema\/logo\/image\/","url":"https:\/\/ansambl-bistro.cz\/wp-content\/uploads\/2021\/12\/Ansambl_logo_1.png","contentUrl":"https:\/\/ansambl-bistro.cz\/wp-content\/uploads\/2021\/12\/Ansambl_logo_1.png","width":2063,"height":527,"caption":"Ansambl Bistro"},"image":{"@id":"https:\/\/ansambl-bistro.cz\/en\/#\/schema\/logo\/image\/"},"sameAs":["https:\/\/www.facebook.com\/ansamblkrymska","https:\/\/www.instagram.com\/ansamblkrymska\/"]}]}},"_links":{"self":[{"href":"https:\/\/ansambl-bistro.cz\/en\/wp-json\/wp\/v2\/pages\/4140","targetHints":{"allow":["GET"]}}],"collection":[{"href":"https:\/\/ansambl-bistro.cz\/en\/wp-json\/wp\/v2\/pages"}],"about":[{"href":"https:\/\/ansambl-bistro.cz\/en\/wp-json\/wp\/v2\/types\/page"}],"author":[{"embeddable":true,"href":"https:\/\/ansambl-bistro.cz\/en\/wp-json\/wp\/v2\/users\/2"}],"replies":[{"embeddable":true,"href":"https:\/\/ansambl-bistro.cz\/en\/wp-json\/wp\/v2\/comments?post=4140"}],"version-history":[{"count":20,"href":"https:\/\/ansambl-bistro.cz\/en\/wp-json\/wp\/v2\/pages\/4140\/revisions"}],"predecessor-version":[{"id":4256,"href":"https:\/\/ansambl-bistro.cz\/en\/wp-json\/wp\/v2\/pages\/4140\/revisions\/4256"}],"wp:featuredmedia":[{"embeddable":true,"href":"https:\/\/ansambl-bistro.cz\/en\/wp-json\/wp\/v2\/media\/3988"}],"wp:attachment":[{"href":"https:\/\/ansambl-bistro.cz\/en\/wp-json\/wp\/v2\/media?parent=4140"}],"curies":[{"name":"wp","href":"https:\/\/api.w.org\/{rel}","templated":true}]}}