{"id":4147,"date":"2018-08-08T11:04:26","date_gmt":"2018-08-08T11:04:26","guid":{"rendered":"https:\/\/ansambl-bistro.cz\/about-us\/"},"modified":"2022-11-10T03:44:28","modified_gmt":"2022-11-10T03:44:28","slug":"about-us","status":"publish","type":"page","link":"https:\/\/ansambl-bistro.cz\/en\/about-us\/","title":{"rendered":"About us"},"content":{"rendered":"<p>[vc_row content_placement=&#8221;top&#8221; enable_parallax_background_elements=&#8221;yes&#8221; right_parallax_background_element=&#8221;762&#8243;][vc_column][vc_row_inner content_placement=&#8221;middle&#8221; row_content_width=&#8221;grid&#8221; css=&#8221;.vc_custom_1535380918653{padding-bottom: 40px !important;}&#8221;][vc_column_inner offset=&#8221;vc_col-lg-6 vc_col-md-12&#8243;]<div class=\"mkdf-section-title-holder  mkdf-st-standard mkdf-st-title-left mkdf-st-normal-space \" style=\"padding:0 0 15% 0;text-align: left\">\n\t<div class=\"mkdf-st-inner\">\n\t\t\t\t\t<h2 class=\"mkdf-st-title\" >\n\t\t\t\tJsme<br \/> Ans\u00e1mbl\t\t\t<\/h2>\n\t\t    <span class=\"mkdf-st-line\" style=\"margin: 50px 9% 0 14%; height: 120px\"><\/span>\n    <div class=\"mkdf-st-text\" style=\"margin-top: 45px;padding-right: 40px\">\n        We are a small team of enthusiasts that cook modern Czech-French cuisine in Prague Vr\u0161ovice district. <\/p>\n<p>We rely on first-class ingredients from small farms, which we process with the utmost care, so that you get the highest possible quality on your plate. We offer a selection of beer specialties and natural wines from various corners of Europe to accompany your meal. We do everything we can, so that you always leave satisfied and happy to come back.    <\/div>\n\t<\/div>\n<\/div>[vc_empty_space height=&#8221;100px&#8221;][\/vc_column_inner][vc_column_inner offset=&#8221;vc_col-lg-6 vc_col-md-12&#8243; css=&#8221;.vc_custom_1535446084271{padding-right: 0px !important;padding-left: 0px !important;}&#8221;]<div class=\"mkdf-single-image-holder    \" >\n    <div class=\"mkdf-si-inner\" >\n                                    <img loading=\"lazy\" decoding=\"async\" width=\"1080\" height=\"1440\" src=\"https:\/\/ansambl-bistro.cz\/wp-content\/uploads\/2022\/03\/ansamblleden22-14.jpg\" class=\"attachment-full size-full\" alt=\"\" srcset=\"https:\/\/ansambl-bistro.cz\/wp-content\/uploads\/2022\/03\/ansamblleden22-14.jpg 1080w, https:\/\/ansambl-bistro.cz\/wp-content\/uploads\/2022\/03\/ansamblleden22-14-225x300.jpg 225w, https:\/\/ansambl-bistro.cz\/wp-content\/uploads\/2022\/03\/ansamblleden22-14-768x1024.jpg 768w\" sizes=\"auto, (max-width: 1080px) 100vw, 1080px\" \/>                        <\/div>\n<\/div>[\/vc_column_inner][\/vc_row_inner][vc_row_inner row_content_width=&#8221;grid&#8221; css=&#8221;.vc_custom_1534240845257{padding-bottom: 30px !important;}&#8221;][vc_column_inner offset=&#8221;vc_col-lg-offset-1 vc_col-lg-10&#8243; css=&#8221;.vc_custom_1534234226432{padding-right: 0px !important;padding-left: 0px !important;}&#8221;]<div class=\"mkdf-single-image-holder   mkdf-image-behavior-custom-link \" >\n    <div class=\"mkdf-si-inner\" >\n                                    <img loading=\"lazy\" decoding=\"async\" width=\"1168\" height=\"1080\" src=\"https:\/\/ansambl-bistro.cz\/wp-content\/uploads\/2021\/12\/ansambl-13.jpg\" class=\"attachment-full size-full\" alt=\"\" srcset=\"https:\/\/ansambl-bistro.cz\/wp-content\/uploads\/2021\/12\/ansambl-13.jpg 1168w, https:\/\/ansambl-bistro.cz\/wp-content\/uploads\/2021\/12\/ansambl-13-300x277.jpg 300w, https:\/\/ansambl-bistro.cz\/wp-content\/uploads\/2021\/12\/ansambl-13-1024x947.jpg 1024w, https:\/\/ansambl-bistro.cz\/wp-content\/uploads\/2021\/12\/ansambl-13-768x710.jpg 768w\" sizes=\"auto, (max-width: 1168px) 100vw, 1168px\" \/>                                <\/a>\n            <\/div>\n<\/div>[\/vc_column_inner][\/vc_row_inner][\/vc_column][\/vc_row]<\/p>\n","protected":false},"excerpt":{"rendered":"<p>[vc_row content_placement=&#8221;top&#8221; enable_parallax_background_elements=&#8221;yes&#8221; right_parallax_background_element=&#8221;762&#8243;][vc_column][vc_row_inner content_placement=&#8221;middle&#8221; row_content_width=&#8221;grid&#8221; css=&#8221;.vc_custom_1535380918653{padding-bottom: 40px !important;}&#8221;][vc_column_inner offset=&#8221;vc_col-lg-6 vc_col-md-12&#8243;][vc_empty_space height=&#8221;100px&#8221;][\/vc_column_inner][vc_column_inner offset=&#8221;vc_col-lg-6 vc_col-md-12&#8243; css=&#8221;.vc_custom_1535446084271{padding-right: 0px !important;padding-left: 0px !important;}&#8221;][\/vc_column_inner][\/vc_row_inner][vc_row_inner row_content_width=&#8221;grid&#8221; css=&#8221;.vc_custom_1534240845257{padding-bottom: 30px !important;}&#8221;][vc_column_inner offset=&#8221;vc_col-lg-offset-1 vc_col-lg-10&#8243; css=&#8221;.vc_custom_1534234226432{padding-right: 0px !important;padding-left: 0px !important;}&#8221;][\/vc_column_inner][\/vc_row_inner][\/vc_column][\/vc_row]<\/p>\n","protected":false},"author":1,"featured_media":4030,"parent":0,"menu_order":0,"comment_status":"closed","ping_status":"closed","template":"full-width.php","meta":{"footnotes":""},"class_list":["post-4147","page","type-page","status-publish","has-post-thumbnail","hentry"],"yoast_head":"<!-- This site is optimized with the Yoast SEO plugin v21.9.1 - https:\/\/yoast.com\/wordpress\/plugins\/seo\/ -->\n<title>About us - Ansambl Bistro<\/title>\n<meta name=\"robots\" content=\"index, follow, max-snippet:-1, max-image-preview:large, max-video-preview:-1\" \/>\n<link rel=\"canonical\" href=\"https:\/\/ansambl-bistro.cz\/en\/about-us\/\" \/>\n<meta property=\"og:locale\" content=\"en_US\" \/>\n<meta property=\"og:type\" content=\"article\" \/>\n<meta property=\"og:title\" content=\"About us - Ansambl Bistro\" \/>\n<meta property=\"og:description\" content=\"[vc_row content_placement=&#8221;top&#8221; enable_parallax_background_elements=&#8221;yes&#8221; right_parallax_background_element=&#8221;762&#8243;][vc_column][vc_row_inner content_placement=&#8221;middle&#8221; row_content_width=&#8221;grid&#8221; css=&#8221;.vc_custom_1535380918653{padding-bottom: 40px !important;}&#8221;][vc_column_inner offset=&#8221;vc_col-lg-6 vc_col-md-12&#8243;][vc_empty_space height=&#8221;100px&#8221;][\/vc_column_inner][vc_column_inner offset=&#8221;vc_col-lg-6 vc_col-md-12&#8243; css=&#8221;.vc_custom_1535446084271{padding-right: 0px !important;padding-left: 0px !important;}&#8221;][\/vc_column_inner][\/vc_row_inner][vc_row_inner row_content_width=&#8221;grid&#8221; css=&#8221;.vc_custom_1534240845257{padding-bottom: 30px !important;}&#8221;][vc_column_inner offset=&#8221;vc_col-lg-offset-1 vc_col-lg-10&#8243; css=&#8221;.vc_custom_1534234226432{padding-right: 0px !important;padding-left: 0px !important;}&#8221;][\/vc_column_inner][\/vc_row_inner][\/vc_column][\/vc_row]\" \/>\n<meta property=\"og:url\" content=\"https:\/\/ansambl-bistro.cz\/en\/about-us\/\" \/>\n<meta property=\"og:site_name\" content=\"Ansambl Bistro\" \/>\n<meta property=\"article:publisher\" content=\"https:\/\/www.facebook.com\/ansamblkrymska\" \/>\n<meta property=\"article:modified_time\" content=\"2022-11-10T03:44:28+00:00\" \/>\n<meta property=\"og:image\" content=\"https:\/\/ansambl-bistro.cz\/wp-content\/uploads\/2022\/09\/obed_brezen22322-2-scaled.jpg\" \/>\n\t<meta property=\"og:image:width\" content=\"2560\" \/>\n\t<meta property=\"og:image:height\" content=\"1920\" \/>\n\t<meta property=\"og:image:type\" content=\"image\/jpeg\" \/>\n<meta name=\"twitter:card\" content=\"summary_large_image\" \/>\n<meta name=\"twitter:label1\" content=\"Est. reading time\" \/>\n\t<meta name=\"twitter:data1\" content=\"1 minute\" \/>\n<script type=\"application\/ld+json\" class=\"yoast-schema-graph\">{\"@context\":\"https:\/\/schema.org\",\"@graph\":[{\"@type\":\"WebPage\",\"@id\":\"https:\/\/ansambl-bistro.cz\/en\/about-us\/\",\"url\":\"https:\/\/ansambl-bistro.cz\/en\/about-us\/\",\"name\":\"About us - Ansambl Bistro\",\"isPartOf\":{\"@id\":\"https:\/\/ansambl-bistro.cz\/en\/#website\"},\"datePublished\":\"2018-08-08T11:04:26+00:00\",\"dateModified\":\"2022-11-10T03:44:28+00:00\",\"breadcrumb\":{\"@id\":\"https:\/\/ansambl-bistro.cz\/en\/about-us\/#breadcrumb\"},\"inLanguage\":\"en-US\",\"potentialAction\":[{\"@type\":\"ReadAction\",\"target\":[\"https:\/\/ansambl-bistro.cz\/en\/about-us\/\"]}]},{\"@type\":\"BreadcrumbList\",\"@id\":\"https:\/\/ansambl-bistro.cz\/en\/about-us\/#breadcrumb\",\"itemListElement\":[{\"@type\":\"ListItem\",\"position\":1,\"name\":\"Home\",\"item\":\"https:\/\/ansambl-bistro.cz\/en\/\"},{\"@type\":\"ListItem\",\"position\":2,\"name\":\"About us\"}]},{\"@type\":\"WebSite\",\"@id\":\"https:\/\/ansambl-bistro.cz\/en\/#website\",\"url\":\"https:\/\/ansambl-bistro.cz\/en\/\",\"name\":\"Ansambl Bistro\",\"description\":\"\u010cesk\u00e1 modern\u00ed kuchyn\u011b v Krymsk\u00e9 ulici.\",\"publisher\":{\"@id\":\"https:\/\/ansambl-bistro.cz\/en\/#organization\"},\"potentialAction\":[{\"@type\":\"SearchAction\",\"target\":{\"@type\":\"EntryPoint\",\"urlTemplate\":\"https:\/\/ansambl-bistro.cz\/en\/?s={search_term_string}\"},\"query-input\":\"required name=search_term_string\"}],\"inLanguage\":\"en-US\"},{\"@type\":\"Organization\",\"@id\":\"https:\/\/ansambl-bistro.cz\/en\/#organization\",\"name\":\"Ansambl Bistro\",\"url\":\"https:\/\/ansambl-bistro.cz\/en\/\",\"logo\":{\"@type\":\"ImageObject\",\"inLanguage\":\"en-US\",\"@id\":\"https:\/\/ansambl-bistro.cz\/en\/#\/schema\/logo\/image\/\",\"url\":\"https:\/\/ansambl-bistro.cz\/wp-content\/uploads\/2021\/12\/Ansambl_logo_1.png\",\"contentUrl\":\"https:\/\/ansambl-bistro.cz\/wp-content\/uploads\/2021\/12\/Ansambl_logo_1.png\",\"width\":2063,\"height\":527,\"caption\":\"Ansambl Bistro\"},\"image\":{\"@id\":\"https:\/\/ansambl-bistro.cz\/en\/#\/schema\/logo\/image\/\"},\"sameAs\":[\"https:\/\/www.facebook.com\/ansamblkrymska\",\"https:\/\/www.instagram.com\/ansamblkrymska\/\"]}]}<\/script>\n<!-- \/ Yoast SEO plugin. -->","yoast_head_json":{"title":"About us - Ansambl Bistro","robots":{"index":"index","follow":"follow","max-snippet":"max-snippet:-1","max-image-preview":"max-image-preview:large","max-video-preview":"max-video-preview:-1"},"canonical":"https:\/\/ansambl-bistro.cz\/en\/about-us\/","og_locale":"en_US","og_type":"article","og_title":"About us - Ansambl Bistro","og_description":"[vc_row content_placement=&#8221;top&#8221; enable_parallax_background_elements=&#8221;yes&#8221; right_parallax_background_element=&#8221;762&#8243;][vc_column][vc_row_inner content_placement=&#8221;middle&#8221; row_content_width=&#8221;grid&#8221; css=&#8221;.vc_custom_1535380918653{padding-bottom: 40px !important;}&#8221;][vc_column_inner offset=&#8221;vc_col-lg-6 vc_col-md-12&#8243;][vc_empty_space height=&#8221;100px&#8221;][\/vc_column_inner][vc_column_inner offset=&#8221;vc_col-lg-6 vc_col-md-12&#8243; css=&#8221;.vc_custom_1535446084271{padding-right: 0px !important;padding-left: 0px !important;}&#8221;][\/vc_column_inner][\/vc_row_inner][vc_row_inner row_content_width=&#8221;grid&#8221; css=&#8221;.vc_custom_1534240845257{padding-bottom: 30px !important;}&#8221;][vc_column_inner offset=&#8221;vc_col-lg-offset-1 vc_col-lg-10&#8243; css=&#8221;.vc_custom_1534234226432{padding-right: 0px !important;padding-left: 0px !important;}&#8221;][\/vc_column_inner][\/vc_row_inner][\/vc_column][\/vc_row]","og_url":"https:\/\/ansambl-bistro.cz\/en\/about-us\/","og_site_name":"Ansambl Bistro","article_publisher":"https:\/\/www.facebook.com\/ansamblkrymska","article_modified_time":"2022-11-10T03:44:28+00:00","og_image":[{"width":2560,"height":1920,"url":"https:\/\/ansambl-bistro.cz\/wp-content\/uploads\/2022\/09\/obed_brezen22322-2-scaled.jpg","type":"image\/jpeg"}],"twitter_card":"summary_large_image","twitter_misc":{"Est. reading time":"1 minute"},"schema":{"@context":"https:\/\/schema.org","@graph":[{"@type":"WebPage","@id":"https:\/\/ansambl-bistro.cz\/en\/about-us\/","url":"https:\/\/ansambl-bistro.cz\/en\/about-us\/","name":"About us - Ansambl Bistro","isPartOf":{"@id":"https:\/\/ansambl-bistro.cz\/en\/#website"},"datePublished":"2018-08-08T11:04:26+00:00","dateModified":"2022-11-10T03:44:28+00:00","breadcrumb":{"@id":"https:\/\/ansambl-bistro.cz\/en\/about-us\/#breadcrumb"},"inLanguage":"en-US","potentialAction":[{"@type":"ReadAction","target":["https:\/\/ansambl-bistro.cz\/en\/about-us\/"]}]},{"@type":"BreadcrumbList","@id":"https:\/\/ansambl-bistro.cz\/en\/about-us\/#breadcrumb","itemListElement":[{"@type":"ListItem","position":1,"name":"Home","item":"https:\/\/ansambl-bistro.cz\/en\/"},{"@type":"ListItem","position":2,"name":"About us"}]},{"@type":"WebSite","@id":"https:\/\/ansambl-bistro.cz\/en\/#website","url":"https:\/\/ansambl-bistro.cz\/en\/","name":"Ansambl Bistro","description":"\u010cesk\u00e1 modern\u00ed kuchyn\u011b v Krymsk\u00e9 ulici.","publisher":{"@id":"https:\/\/ansambl-bistro.cz\/en\/#organization"},"potentialAction":[{"@type":"SearchAction","target":{"@type":"EntryPoint","urlTemplate":"https:\/\/ansambl-bistro.cz\/en\/?s={search_term_string}"},"query-input":"required name=search_term_string"}],"inLanguage":"en-US"},{"@type":"Organization","@id":"https:\/\/ansambl-bistro.cz\/en\/#organization","name":"Ansambl Bistro","url":"https:\/\/ansambl-bistro.cz\/en\/","logo":{"@type":"ImageObject","inLanguage":"en-US","@id":"https:\/\/ansambl-bistro.cz\/en\/#\/schema\/logo\/image\/","url":"https:\/\/ansambl-bistro.cz\/wp-content\/uploads\/2021\/12\/Ansambl_logo_1.png","contentUrl":"https:\/\/ansambl-bistro.cz\/wp-content\/uploads\/2021\/12\/Ansambl_logo_1.png","width":2063,"height":527,"caption":"Ansambl Bistro"},"image":{"@id":"https:\/\/ansambl-bistro.cz\/en\/#\/schema\/logo\/image\/"},"sameAs":["https:\/\/www.facebook.com\/ansamblkrymska","https:\/\/www.instagram.com\/ansamblkrymska\/"]}]}},"_links":{"self":[{"href":"https:\/\/ansambl-bistro.cz\/en\/wp-json\/wp\/v2\/pages\/4147","targetHints":{"allow":["GET"]}}],"collection":[{"href":"https:\/\/ansambl-bistro.cz\/en\/wp-json\/wp\/v2\/pages"}],"about":[{"href":"https:\/\/ansambl-bistro.cz\/en\/wp-json\/wp\/v2\/types\/page"}],"author":[{"embeddable":true,"href":"https:\/\/ansambl-bistro.cz\/en\/wp-json\/wp\/v2\/users\/1"}],"replies":[{"embeddable":true,"href":"https:\/\/ansambl-bistro.cz\/en\/wp-json\/wp\/v2\/comments?post=4147"}],"version-history":[{"count":10,"href":"https:\/\/ansambl-bistro.cz\/en\/wp-json\/wp\/v2\/pages\/4147\/revisions"}],"predecessor-version":[{"id":4215,"href":"https:\/\/ansambl-bistro.cz\/en\/wp-json\/wp\/v2\/pages\/4147\/revisions\/4215"}],"wp:featuredmedia":[{"embeddable":true,"href":"https:\/\/ansambl-bistro.cz\/en\/wp-json\/wp\/v2\/media\/4030"}],"wp:attachment":[{"href":"https:\/\/ansambl-bistro.cz\/en\/wp-json\/wp\/v2\/media?parent=4147"}],"curies":[{"name":"wp","href":"https:\/\/api.w.org\/{rel}","templated":true}]}}