{"id":4153,"date":"2018-08-03T08:34:38","date_gmt":"2018-08-03T08:34:38","guid":{"rendered":"https:\/\/ansambl-bistro.cz\/evening-menu\/"},"modified":"2022-11-09T16:09:41","modified_gmt":"2022-11-09T16:09:41","slug":"evening-menu","status":"publish","type":"page","link":"https:\/\/ansambl-bistro.cz\/en\/evening-menu\/","title":{"rendered":"Evening"},"content":{"rendered":"<p>[vc_row full_height=&#8221;yes&#8221; parallax_background_image=&#8221;3690&#8243; parallax_bg_speed=&#8221;0&#8243; el_class=&#8221;sn1440&#8243;][vc_column][vc_row_inner row_content_width=&#8221;grid&#8221;][vc_column_inner offset=&#8221;vc_col-lg-8 vc_col-md-10&#8243; css=&#8221;.vc_custom_1666737166204{padding-right: 0px !important;padding-left: 0px !important;}&#8221;]<div class=\"mkdf-elements-holder   mkdf-one-column  mkdf-responsive-mode-768 \" ><div class=\"mkdf-eh-item    \" style=\"background-color: rgba(255,255,255,0.9)\" data-item-class=\"mkdf-eh-custom-7672\">\n\t<div class=\"mkdf-eh-item-inner\">\n\t\t<div class=\"mkdf-eh-item-content mkdf-eh-custom-7672\" style=\"padding: 5% 10% 0 10%;\">\n\t\t\t<div class=\"mkdf-section-title-holder  mkdf-st-standard mkdf-st-title-left mkdf-st-normal-space \" >\n\t<div class=\"mkdf-st-inner\">\n\t\t\t\t\t<h2 class=\"mkdf-st-title\" >\n\t\t\t\tEvening menu<br \/>\t\t\t<\/h2>\n\t\t    <span class=\"mkdf-st-line\" style=\"height: 0px\"><\/span>\n    <div class=\"mkdf-st-text\" >\n            <\/div>\n\t<\/div>\n<\/div>[vc_raw_js]JTNDc2NyaXB0JTNFZG9jdW1lbnQud3JpdGUlMjglMjIlM0NzY3JpcHQlMjB0eXBlJTNEJTI3dGV4dCUyRmphdmFzY3JpcHQlMjclMjBzcmMlM0QlMjdodHRwcyUzQSUyRiUyRnd3dy5tZW51Ym90LmN6JTJGYXBwJTJGdXNlcnMlMkZhbnNhbWJsMjU2ODU5NjU0MjM1NDg1Njk4NDUlMkZleHBvcnQlMkZzdGFuZGFyZG1lbnU0X2IuanMlM0Z2JTNEJTIyJTIwJTJCJTIwRGF0ZS5ub3clMjglMjklMjAlMkIlMjAlMjIlMjclM0UlM0MlNUMlMkZzY3JpcHQlM0UlMjIlMjklM0IlM0MlMkZzY3JpcHQlM0U=[\/vc_raw_js]\t\t<\/div>\n\t<\/div>\n<\/div><\/div>[\/vc_column_inner][vc_column_inner offset=&#8221;vc_col-lg-4 vc_col-md-2 vc_hidden-sm vc_hidden-xs&#8221;][\/vc_column_inner][\/vc_row_inner][\/vc_column][\/vc_row][vc_row full_height=&#8221;yes&#8221; parallax_background_image=&#8221;3693&#8243; parallax_bg_speed=&#8221;0&#8243; css=&#8221;.vc_custom_1667094575758{margin-top: 40px !important;}&#8221; el_class=&#8221;sn1440&#8243;][vc_column][vc_row_inner row_content_width=&#8221;grid&#8221;][vc_column_inner offset=&#8221;vc_col-lg-4 vc_col-md-2 vc_hidden-sm vc_hidden-xs&#8221;][\/vc_column_inner][vc_column_inner offset=&#8221;vc_col-lg-8 vc_col-md-10&#8243; css=&#8221;.vc_custom_1666737166204{padding-right: 0px !important;padding-left: 0px !important;}&#8221;]<div class=\"mkdf-elements-holder   mkdf-one-column  mkdf-responsive-mode-768 \" ><div class=\"mkdf-eh-item    \" style=\"background-color: rgba(255,255,255,0.9)\" data-item-class=\"mkdf-eh-custom-8651\">\n\t<div class=\"mkdf-eh-item-inner\">\n\t\t<div class=\"mkdf-eh-item-content mkdf-eh-custom-8651\" style=\"padding: 5% 10% 0 10%;\">\n\t\t\t<div class=\"mkdf-section-title-holder  mkdf-st-standard mkdf-st-title-left mkdf-st-normal-space \" >\n\t<div class=\"mkdf-st-inner\">\n\t\t\t\t\t<h2 class=\"mkdf-st-title\" >\n\t\t\t\tTasting menu<br \/>\t\t\t<\/h2>\n\t\t    <span class=\"mkdf-st-line\" style=\"height: 0px\"><\/span>\n    <div class=\"mkdf-st-text\" >\n            <\/div>\n\t<\/div>\n<\/div>[vc_raw_js]JTNDc2NyaXB0JTNFZG9jdW1lbnQud3JpdGUlMjglMjIlM0NzY3JpcHQlMjB0eXBlJTNEJTI3dGV4dCUyRmphdmFzY3JpcHQlMjclMjBzcmMlM0QlMjdodHRwcyUzQSUyRiUyRnd3dy5tZW51Ym90LmN6JTJGYXBwJTJGdXNlcnMlMkZhbnNhbWJsMjU2ODU5NjU0MjM1NDg1Njk4NDUlMkZleHBvcnQlMkZzdGFuZGFyZG1lbnUxX2IuanMlM0Z2JTNEJTIyJTIwJTJCJTIwRGF0ZS5ub3clMjglMjklMjAlMkIlMjAlMjIlMjclM0UlM0MlNUMlMkZzY3JpcHQlM0UlMjIlMjklM0IlM0MlMkZzY3JpcHQlM0U=[\/vc_raw_js]\t\t<\/div>\n\t<\/div>\n<\/div><\/div>[\/vc_column_inner][\/vc_row_inner][\/vc_column][\/vc_row][vc_row css=&#8221;.vc_custom_1646588974754{padding-top: 70px !important;padding-bottom: 30px !important;}&#8221;][vc_column][vc_media_grid gap=&#8221;15&#8243; grid_id=&#8221;vc_gid:1668010080090-b3d86fea-7f70-1&#8243; include=&#8221;4038,4037,4036,4034,4033,4031&#8243;][\/vc_column][\/vc_row]<\/p>\n","protected":false},"excerpt":{"rendered":"<p>[vc_row full_height=&#8221;yes&#8221; parallax_background_image=&#8221;3690&#8243; parallax_bg_speed=&#8221;0&#8243; el_class=&#8221;sn1440&#8243;][vc_column][vc_row_inner row_content_width=&#8221;grid&#8221;][vc_column_inner offset=&#8221;vc_col-lg-8 vc_col-md-10&#8243; css=&#8221;.vc_custom_1666737166204{padding-right: 0px !important;padding-left: 0px !important;}&#8221;][\/vc_column_inner][vc_column_inner offset=&#8221;vc_col-lg-4 vc_col-md-2 vc_hidden-sm vc_hidden-xs&#8221;][\/vc_column_inner][\/vc_row_inner][\/vc_column][\/vc_row][vc_row full_height=&#8221;yes&#8221; parallax_background_image=&#8221;3693&#8243; parallax_bg_speed=&#8221;0&#8243; css=&#8221;.vc_custom_1667094575758{margin-top: 40px !important;}&#8221; el_class=&#8221;sn1440&#8243;][vc_column][vc_row_inner row_content_width=&#8221;grid&#8221;][vc_column_inner offset=&#8221;vc_col-lg-4 vc_col-md-2 vc_hidden-sm vc_hidden-xs&#8221;][\/vc_column_inner][vc_column_inner offset=&#8221;vc_col-lg-8 vc_col-md-10&#8243; css=&#8221;.vc_custom_1666737166204{padding-right: 0px !important;padding-left: 0px !important;}&#8221;][\/vc_column_inner][\/vc_row_inner][\/vc_column][\/vc_row][vc_row css=&#8221;.vc_custom_1646588974754{padding-top: 70px !important;padding-bottom: 30px [&hellip;]<\/p>\n","protected":false},"author":1,"featured_media":4035,"parent":0,"menu_order":0,"comment_status":"closed","ping_status":"closed","template":"full-width.php","meta":{"footnotes":""},"class_list":["post-4153","page","type-page","status-publish","has-post-thumbnail","hentry"],"yoast_head":"<!-- This site is optimized with the Yoast SEO plugin v21.9.1 - https:\/\/yoast.com\/wordpress\/plugins\/seo\/ -->\n<title>Evening - Ansambl Bistro<\/title>\n<meta name=\"robots\" content=\"index, follow, max-snippet:-1, max-image-preview:large, max-video-preview:-1\" \/>\n<link rel=\"canonical\" href=\"https:\/\/ansambl-bistro.cz\/en\/evening-menu\/\" \/>\n<meta property=\"og:locale\" content=\"en_US\" \/>\n<meta property=\"og:type\" content=\"article\" \/>\n<meta property=\"og:title\" content=\"Evening - Ansambl Bistro\" \/>\n<meta property=\"og:description\" content=\"[vc_row full_height=&#8221;yes&#8221; parallax_background_image=&#8221;3690&#8243; parallax_bg_speed=&#8221;0&#8243; el_class=&#8221;sn1440&#8243;][vc_column][vc_row_inner row_content_width=&#8221;grid&#8221;][vc_column_inner offset=&#8221;vc_col-lg-8 vc_col-md-10&#8243; css=&#8221;.vc_custom_1666737166204{padding-right: 0px !important;padding-left: 0px !important;}&#8221;][\/vc_column_inner][vc_column_inner offset=&#8221;vc_col-lg-4 vc_col-md-2 vc_hidden-sm vc_hidden-xs&#8221;][\/vc_column_inner][\/vc_row_inner][\/vc_column][\/vc_row][vc_row full_height=&#8221;yes&#8221; parallax_background_image=&#8221;3693&#8243; parallax_bg_speed=&#8221;0&#8243; css=&#8221;.vc_custom_1667094575758{margin-top: 40px !important;}&#8221; el_class=&#8221;sn1440&#8243;][vc_column][vc_row_inner row_content_width=&#8221;grid&#8221;][vc_column_inner offset=&#8221;vc_col-lg-4 vc_col-md-2 vc_hidden-sm vc_hidden-xs&#8221;][\/vc_column_inner][vc_column_inner offset=&#8221;vc_col-lg-8 vc_col-md-10&#8243; css=&#8221;.vc_custom_1666737166204{padding-right: 0px !important;padding-left: 0px !important;}&#8221;][\/vc_column_inner][\/vc_row_inner][\/vc_column][\/vc_row][vc_row css=&#8221;.vc_custom_1646588974754{padding-top: 70px !important;padding-bottom: 30px [&hellip;]\" \/>\n<meta property=\"og:url\" content=\"https:\/\/ansambl-bistro.cz\/en\/evening-menu\/\" \/>\n<meta property=\"og:site_name\" content=\"Ansambl Bistro\" \/>\n<meta property=\"article:publisher\" content=\"https:\/\/www.facebook.com\/ansamblkrymska\" \/>\n<meta property=\"article:modified_time\" content=\"2022-11-09T16:09:41+00:00\" \/>\n<meta property=\"og:image\" content=\"https:\/\/ansambl-bistro.cz\/wp-content\/uploads\/2022\/10\/sumavsky-pstruh.jpg\" \/>\n\t<meta property=\"og:image:width\" content=\"1920\" \/>\n\t<meta property=\"og:image:height\" content=\"1440\" \/>\n\t<meta property=\"og:image:type\" content=\"image\/jpeg\" \/>\n<meta name=\"twitter:card\" content=\"summary_large_image\" \/>\n<meta name=\"twitter:label1\" content=\"Est. reading time\" \/>\n\t<meta name=\"twitter:data1\" content=\"1 minute\" \/>\n<script type=\"application\/ld+json\" class=\"yoast-schema-graph\">{\"@context\":\"https:\/\/schema.org\",\"@graph\":[{\"@type\":\"WebPage\",\"@id\":\"https:\/\/ansambl-bistro.cz\/en\/evening-menu\/\",\"url\":\"https:\/\/ansambl-bistro.cz\/en\/evening-menu\/\",\"name\":\"Evening - Ansambl Bistro\",\"isPartOf\":{\"@id\":\"https:\/\/ansambl-bistro.cz\/en\/#website\"},\"datePublished\":\"2018-08-03T08:34:38+00:00\",\"dateModified\":\"2022-11-09T16:09:41+00:00\",\"breadcrumb\":{\"@id\":\"https:\/\/ansambl-bistro.cz\/en\/evening-menu\/#breadcrumb\"},\"inLanguage\":\"en-US\",\"potentialAction\":[{\"@type\":\"ReadAction\",\"target\":[\"https:\/\/ansambl-bistro.cz\/en\/evening-menu\/\"]}]},{\"@type\":\"BreadcrumbList\",\"@id\":\"https:\/\/ansambl-bistro.cz\/en\/evening-menu\/#breadcrumb\",\"itemListElement\":[{\"@type\":\"ListItem\",\"position\":1,\"name\":\"Home\",\"item\":\"https:\/\/ansambl-bistro.cz\/en\/\"},{\"@type\":\"ListItem\",\"position\":2,\"name\":\"Evening\"}]},{\"@type\":\"WebSite\",\"@id\":\"https:\/\/ansambl-bistro.cz\/en\/#website\",\"url\":\"https:\/\/ansambl-bistro.cz\/en\/\",\"name\":\"Ansambl Bistro\",\"description\":\"\u010cesk\u00e1 modern\u00ed kuchyn\u011b v Krymsk\u00e9 ulici.\",\"publisher\":{\"@id\":\"https:\/\/ansambl-bistro.cz\/en\/#organization\"},\"potentialAction\":[{\"@type\":\"SearchAction\",\"target\":{\"@type\":\"EntryPoint\",\"urlTemplate\":\"https:\/\/ansambl-bistro.cz\/en\/?s={search_term_string}\"},\"query-input\":\"required name=search_term_string\"}],\"inLanguage\":\"en-US\"},{\"@type\":\"Organization\",\"@id\":\"https:\/\/ansambl-bistro.cz\/en\/#organization\",\"name\":\"Ansambl Bistro\",\"url\":\"https:\/\/ansambl-bistro.cz\/en\/\",\"logo\":{\"@type\":\"ImageObject\",\"inLanguage\":\"en-US\",\"@id\":\"https:\/\/ansambl-bistro.cz\/en\/#\/schema\/logo\/image\/\",\"url\":\"https:\/\/ansambl-bistro.cz\/wp-content\/uploads\/2021\/12\/Ansambl_logo_1.png\",\"contentUrl\":\"https:\/\/ansambl-bistro.cz\/wp-content\/uploads\/2021\/12\/Ansambl_logo_1.png\",\"width\":2063,\"height\":527,\"caption\":\"Ansambl Bistro\"},\"image\":{\"@id\":\"https:\/\/ansambl-bistro.cz\/en\/#\/schema\/logo\/image\/\"},\"sameAs\":[\"https:\/\/www.facebook.com\/ansamblkrymska\",\"https:\/\/www.instagram.com\/ansamblkrymska\/\"]}]}<\/script>\n<!-- \/ Yoast SEO plugin. -->","yoast_head_json":{"title":"Evening - Ansambl Bistro","robots":{"index":"index","follow":"follow","max-snippet":"max-snippet:-1","max-image-preview":"max-image-preview:large","max-video-preview":"max-video-preview:-1"},"canonical":"https:\/\/ansambl-bistro.cz\/en\/evening-menu\/","og_locale":"en_US","og_type":"article","og_title":"Evening - Ansambl Bistro","og_description":"[vc_row full_height=&#8221;yes&#8221; parallax_background_image=&#8221;3690&#8243; parallax_bg_speed=&#8221;0&#8243; el_class=&#8221;sn1440&#8243;][vc_column][vc_row_inner row_content_width=&#8221;grid&#8221;][vc_column_inner offset=&#8221;vc_col-lg-8 vc_col-md-10&#8243; css=&#8221;.vc_custom_1666737166204{padding-right: 0px !important;padding-left: 0px !important;}&#8221;][\/vc_column_inner][vc_column_inner offset=&#8221;vc_col-lg-4 vc_col-md-2 vc_hidden-sm vc_hidden-xs&#8221;][\/vc_column_inner][\/vc_row_inner][\/vc_column][\/vc_row][vc_row full_height=&#8221;yes&#8221; parallax_background_image=&#8221;3693&#8243; parallax_bg_speed=&#8221;0&#8243; css=&#8221;.vc_custom_1667094575758{margin-top: 40px !important;}&#8221; el_class=&#8221;sn1440&#8243;][vc_column][vc_row_inner row_content_width=&#8221;grid&#8221;][vc_column_inner offset=&#8221;vc_col-lg-4 vc_col-md-2 vc_hidden-sm vc_hidden-xs&#8221;][\/vc_column_inner][vc_column_inner offset=&#8221;vc_col-lg-8 vc_col-md-10&#8243; css=&#8221;.vc_custom_1666737166204{padding-right: 0px !important;padding-left: 0px !important;}&#8221;][\/vc_column_inner][\/vc_row_inner][\/vc_column][\/vc_row][vc_row css=&#8221;.vc_custom_1646588974754{padding-top: 70px !important;padding-bottom: 30px [&hellip;]","og_url":"https:\/\/ansambl-bistro.cz\/en\/evening-menu\/","og_site_name":"Ansambl Bistro","article_publisher":"https:\/\/www.facebook.com\/ansamblkrymska","article_modified_time":"2022-11-09T16:09:41+00:00","og_image":[{"width":1920,"height":1440,"url":"https:\/\/ansambl-bistro.cz\/wp-content\/uploads\/2022\/10\/sumavsky-pstruh.jpg","type":"image\/jpeg"}],"twitter_card":"summary_large_image","twitter_misc":{"Est. reading time":"1 minute"},"schema":{"@context":"https:\/\/schema.org","@graph":[{"@type":"WebPage","@id":"https:\/\/ansambl-bistro.cz\/en\/evening-menu\/","url":"https:\/\/ansambl-bistro.cz\/en\/evening-menu\/","name":"Evening - Ansambl Bistro","isPartOf":{"@id":"https:\/\/ansambl-bistro.cz\/en\/#website"},"datePublished":"2018-08-03T08:34:38+00:00","dateModified":"2022-11-09T16:09:41+00:00","breadcrumb":{"@id":"https:\/\/ansambl-bistro.cz\/en\/evening-menu\/#breadcrumb"},"inLanguage":"en-US","potentialAction":[{"@type":"ReadAction","target":["https:\/\/ansambl-bistro.cz\/en\/evening-menu\/"]}]},{"@type":"BreadcrumbList","@id":"https:\/\/ansambl-bistro.cz\/en\/evening-menu\/#breadcrumb","itemListElement":[{"@type":"ListItem","position":1,"name":"Home","item":"https:\/\/ansambl-bistro.cz\/en\/"},{"@type":"ListItem","position":2,"name":"Evening"}]},{"@type":"WebSite","@id":"https:\/\/ansambl-bistro.cz\/en\/#website","url":"https:\/\/ansambl-bistro.cz\/en\/","name":"Ansambl Bistro","description":"\u010cesk\u00e1 modern\u00ed kuchyn\u011b v Krymsk\u00e9 ulici.","publisher":{"@id":"https:\/\/ansambl-bistro.cz\/en\/#organization"},"potentialAction":[{"@type":"SearchAction","target":{"@type":"EntryPoint","urlTemplate":"https:\/\/ansambl-bistro.cz\/en\/?s={search_term_string}"},"query-input":"required name=search_term_string"}],"inLanguage":"en-US"},{"@type":"Organization","@id":"https:\/\/ansambl-bistro.cz\/en\/#organization","name":"Ansambl Bistro","url":"https:\/\/ansambl-bistro.cz\/en\/","logo":{"@type":"ImageObject","inLanguage":"en-US","@id":"https:\/\/ansambl-bistro.cz\/en\/#\/schema\/logo\/image\/","url":"https:\/\/ansambl-bistro.cz\/wp-content\/uploads\/2021\/12\/Ansambl_logo_1.png","contentUrl":"https:\/\/ansambl-bistro.cz\/wp-content\/uploads\/2021\/12\/Ansambl_logo_1.png","width":2063,"height":527,"caption":"Ansambl Bistro"},"image":{"@id":"https:\/\/ansambl-bistro.cz\/en\/#\/schema\/logo\/image\/"},"sameAs":["https:\/\/www.facebook.com\/ansamblkrymska","https:\/\/www.instagram.com\/ansamblkrymska\/"]}]}},"_links":{"self":[{"href":"https:\/\/ansambl-bistro.cz\/en\/wp-json\/wp\/v2\/pages\/4153","targetHints":{"allow":["GET"]}}],"collection":[{"href":"https:\/\/ansambl-bistro.cz\/en\/wp-json\/wp\/v2\/pages"}],"about":[{"href":"https:\/\/ansambl-bistro.cz\/en\/wp-json\/wp\/v2\/types\/page"}],"author":[{"embeddable":true,"href":"https:\/\/ansambl-bistro.cz\/en\/wp-json\/wp\/v2\/users\/1"}],"replies":[{"embeddable":true,"href":"https:\/\/ansambl-bistro.cz\/en\/wp-json\/wp\/v2\/comments?post=4153"}],"version-history":[{"count":10,"href":"https:\/\/ansambl-bistro.cz\/en\/wp-json\/wp\/v2\/pages\/4153\/revisions"}],"predecessor-version":[{"id":4200,"href":"https:\/\/ansambl-bistro.cz\/en\/wp-json\/wp\/v2\/pages\/4153\/revisions\/4200"}],"wp:featuredmedia":[{"embeddable":true,"href":"https:\/\/ansambl-bistro.cz\/en\/wp-json\/wp\/v2\/media\/4035"}],"wp:attachment":[{"href":"https:\/\/ansambl-bistro.cz\/en\/wp-json\/wp\/v2\/media?parent=4153"}],"curies":[{"name":"wp","href":"https:\/\/api.w.org\/{rel}","templated":true}]}}